{"id":734,"date":"2019-02-21T11:00:36","date_gmt":"2019-02-21T10:00:36","guid":{"rendered":"https:\/\/dfgs-freiburg.de\/?page_id=734"},"modified":"2026-04-14T10:29:24","modified_gmt":"2026-04-14T08:29:24","slug":"schulsozialarbeit","status":"publish","type":"page","link":"https:\/\/dfgs-freiburg.de\/?page_id=734&lang=fr","title":{"rendered":"Schulsozialarbeit"},"content":{"rendered":"\r\n<p><img data-recalc-dims=\"1\" loading=\"lazy\" decoding=\"async\" data-attachment-id=\"1014\" data-permalink=\"https:\/\/dfgs-freiburg.de\/?attachment_id=1014\" data-orig-file=\"https:\/\/i0.wp.com\/dfgs-freiburg.de\/wp-content\/uploads\/2019\/06\/ejh_f%C3%BCr-Fahne_1000dpi.jpg?fit=2250%2C1500&amp;ssl=1\" data-orig-size=\"2250,1500\" data-comments-opened=\"0\" data-image-meta=\"{&quot;aperture&quot;:&quot;0&quot;,&quot;credit&quot;:&quot;&quot;,&quot;camera&quot;:&quot;&quot;,&quot;caption&quot;:&quot;&quot;,&quot;created_timestamp&quot;:&quot;0&quot;,&quot;copyright&quot;:&quot;&quot;,&quot;focal_length&quot;:&quot;0&quot;,&quot;iso&quot;:&quot;0&quot;,&quot;shutter_speed&quot;:&quot;0&quot;,&quot;title&quot;:&quot;&quot;,&quot;orientation&quot;:&quot;0&quot;}\" data-image-title=\"ejh_f\u00fcr Fahne_1000dpi\" data-image-description=\"\" data-image-caption=\"\" data-large-file=\"https:\/\/i0.wp.com\/dfgs-freiburg.de\/wp-content\/uploads\/2019\/06\/ejh_f%C3%BCr-Fahne_1000dpi.jpg?fit=832%2C555&amp;ssl=1\" class=\"size-medium wp-image-1014 alignright\" src=\"https:\/\/i0.wp.com\/dfgs-freiburg.de\/wp-content\/uploads\/2019\/06\/ejh_f%C3%BCr-Fahne_1000dpi.jpg?resize=300%2C200&#038;ssl=1\" alt=\"\" width=\"300\" height=\"200\" srcset=\"https:\/\/i0.wp.com\/dfgs-freiburg.de\/wp-content\/uploads\/2019\/06\/ejh_f%C3%BCr-Fahne_1000dpi.jpg?resize=300%2C200&amp;ssl=1 300w, https:\/\/i0.wp.com\/dfgs-freiburg.de\/wp-content\/uploads\/2019\/06\/ejh_f%C3%BCr-Fahne_1000dpi.jpg?resize=768%2C512&amp;ssl=1 768w, https:\/\/i0.wp.com\/dfgs-freiburg.de\/wp-content\/uploads\/2019\/06\/ejh_f%C3%BCr-Fahne_1000dpi.jpg?resize=1024%2C683&amp;ssl=1 1024w, https:\/\/i0.wp.com\/dfgs-freiburg.de\/wp-content\/uploads\/2019\/06\/ejh_f%C3%BCr-Fahne_1000dpi.jpg?w=1664&amp;ssl=1 1664w\" sizes=\"auto, (max-width: 300px) 100vw, 300px\" \/><\/p>\r\n<p>Schulsozialarbeit ist ein Beratungs- und Unterst\u00fctzungsangebot f\u00fcr alle am Schulleben Beteiligten.<br \/>Durch das Einbringen sozialp\u00e4dagogischer Sichtweisen und Kompetenzen wird Schule als Lernund<br \/>Lebensraum mitgestaltet. Prim\u00e4res Ziel der sozialen Arbeit an der Schule ist es, die Bed\u00fcrfnisse<br \/>der Sch\u00fclerInnen wahrzunehmen und sie in ihrer pers\u00f6nlichen und sozialen Entwicklung zu st\u00e4rken.<br \/>Als neutrale Anlaufstelle kooperiert die Schulsozialarbeit mit der Schulleitung, den Eltern und dem<br \/>Lehrerkollegium und \u00fcbernimmt dadurch eine wichtige Br\u00fcckenfunktion innerhalb der Schulgemeinschaft.<\/p>\r\n\r\n\r\n\r\n<p><br \/><strong>F\u00fcr wen ist Schulsozialarbeit?<\/strong><br \/>\u2022 <strong>F\u00fcr Sch\u00fclerInnen<\/strong><br \/>bei Problemen und Fragestellungen im schulischen, pers\u00f6nlichen und famili\u00e4ren Bereich<br \/>\u2022<strong> F\u00fcr Eltern<\/strong><br \/>bei Erziehungsfragen, famili\u00e4ren Problemsituationen, Konflikten, Kontakten zur Schule,<br \/>Vermittlung an au\u00dferschulische Einrichtungen<br \/>\u2022<strong> F\u00fcr LehrerInnen<\/strong><br \/>bei sozialp\u00e4dagogischen Fragestellungen, Einzelf\u00e4llen, schwierigen Klassen- oder Gruppensituationen, themenspezifischen Projekten<\/p>\r\n\r\n\r\n\r\n<p><br \/><strong>Welche Angebote gibt es?<\/strong><br \/>\u2022 Sozialp\u00e4dagogische Begleitung und Beratung von Einzelnen und Gruppen<br \/>\u2022 Intervention bei Konflikten, Krisensituationen, Mobbing<br \/>\u2022 Pr\u00e4ventionsarbeit<br \/>\u2022 Vermittlung von Fachberatungsstellen, Jugendamt, therapeutischen Institutionen<br \/>\u2022 Schulspezifische Projekte<br \/>\u2022 Mitarbeit bei der Schulentwicklung<br \/>\u2022 Kooperation mit au\u00dferschulischen Partnern<\/p>\r\n\r\n\r\n\r\n<p><br \/>Durch die w\u00f6chentliche Pr\u00e4senz und feste Sprechzeiten an der Schule wird ein verl\u00e4sslicher Kontakt mit den Sch\u00fclerInnen aufgebaut. Die Beratung ist l\u00f6sungs- und ressourcenorientiert und basiert auf Freiwilligkeit. Die Gespr\u00e4che k\u00f6nnen auf Deutsch oder Franz\u00f6sisch gef\u00fchrt werden. Sie<br \/>sind vertraulich und unterliegen der Schweigepflicht.<\/p>\r\n\r\n\r\n\r\n<p>&nbsp;<\/p>\r\n<p>&nbsp;<\/p>\r\n<p><strong>Kon<\/strong><strong>taktperson:<\/strong> Jos\u00e9phine Tunger<br \/>Sprechzeiten: Di und Fr 8:00-12:00 Uhr und Mi 8:00-14:00 Uhr<br \/>Tel.: 0761 45981357<\/p>\r\n<p>E-Mail : josephine.tunger@jugendhilfe-freiburg.de<\/p>\r\n","protected":false},"excerpt":{"rendered":"<p>Schulsozialarbeit ist ein Beratungs- und Unterst\u00fctzungsangebot f\u00fcr alle am Schulleben Beteiligten.Durch das Einbringen sozialp\u00e4dagogischer Sichtweisen und Kompetenzen wird Schule als LernundLebensraum mitgestaltet. Prim\u00e4res Ziel der sozialen Arbeit an der Schule ist es, die Bed\u00fcrfnisseder Sch\u00fclerInnen wahrzunehmen und sie in ihrer &hellip; <\/p>\n","protected":false},"author":1,"featured_media":0,"parent":0,"menu_order":0,"comment_status":"closed","ping_status":"closed","template":"","meta":{"jetpack_post_was_ever_published":false,"footnotes":""},"class_list":["post-734","page","type-page","status-publish","hentry"],"jetpack-related-posts":[{"id":163,"url":"https:\/\/dfgs-freiburg.de\/?page_id=163&lang=fr","url_meta":{"origin":734,"position":0},"title":"Cantine","author":"Catherine Bras-Henkes","date":"18. avril 2018","format":false,"excerpt":"Les enfants inscrits au p\u00e9riscolaire ont la possibilit\u00e9 de commander un repas chaud. La commande et le paiement du repas chaud est fait par le Fachservice Schulverpflegung de l\u2019Amt f\u00fcr Schule und Bildung. Les parents versent l\u2019argent sur le compte de l\u2019enfant. Le repas peut \u00eatre command\u00e9 en ligne dans\u2026","rel":"","context":"Article similaire","block_context":{"text":"Article similaire","link":""},"img":{"alt_text":"","src":"","width":0,"height":0},"classes":[]}],"jetpack_shortlink":"https:\/\/wp.me\/P9kppB-bQ","jetpack_sharing_enabled":true,"_links":{"self":[{"href":"https:\/\/dfgs-freiburg.de\/index.php?rest_route=\/wp\/v2\/pages\/734","targetHints":{"allow":["GET"]}}],"collection":[{"href":"https:\/\/dfgs-freiburg.de\/index.php?rest_route=\/wp\/v2\/pages"}],"about":[{"href":"https:\/\/dfgs-freiburg.de\/index.php?rest_route=\/wp\/v2\/types\/page"}],"author":[{"embeddable":true,"href":"https:\/\/dfgs-freiburg.de\/index.php?rest_route=\/wp\/v2\/users\/1"}],"replies":[{"embeddable":true,"href":"https:\/\/dfgs-freiburg.de\/index.php?rest_route=%2Fwp%2Fv2%2Fcomments&post=734"}],"version-history":[{"count":13,"href":"https:\/\/dfgs-freiburg.de\/index.php?rest_route=\/wp\/v2\/pages\/734\/revisions"}],"predecessor-version":[{"id":4713,"href":"https:\/\/dfgs-freiburg.de\/index.php?rest_route=\/wp\/v2\/pages\/734\/revisions\/4713"}],"wp:attachment":[{"href":"https:\/\/dfgs-freiburg.de\/index.php?rest_route=%2Fwp%2Fv2%2Fmedia&parent=734"}],"curies":[{"name":"wp","href":"https:\/\/api.w.org\/{rel}","templated":true}]}}